{"id":61,"date":"2022-09-06T22:01:01","date_gmt":"2022-09-06T22:01:01","guid":{"rendered":"https:\/\/mywerox.eu\/?page_id=61"},"modified":"2022-09-16T08:03:12","modified_gmt":"2022-09-16T08:03:12","slug":"allasajanlatok","status":"publish","type":"page","link":"https:\/\/mywerox.eu\/index.php\/allasajanlatok\/","title":{"rendered":"\u00c1ll\u00e1saj\u00e1nlatok"},"content":{"rendered":"\n<div class=\"wp-block-media-text alignwide is-stacked-on-mobile is-vertically-aligned-center has-white-color has-white-background-color has-text-color has-background\" style=\"grid-template-columns:29% auto\"><figure class=\"wp-block-media-text__media\"><img decoding=\"async\" loading=\"lazy\" width=\"1024\" height=\"680\" src=\"https:\/\/mywerox.eu\/wp-content\/uploads\/2022\/09\/cup-spray-gun-5360677_1920-1024x680.jpg\" alt=\"\" class=\"wp-image-253 size-full\" srcset=\"https:\/\/mywerox.eu\/wp-content\/uploads\/2022\/09\/cup-spray-gun-5360677_1920-1024x680.jpg 1024w, https:\/\/mywerox.eu\/wp-content\/uploads\/2022\/09\/cup-spray-gun-5360677_1920-300x199.jpg 300w, https:\/\/mywerox.eu\/wp-content\/uploads\/2022\/09\/cup-spray-gun-5360677_1920-768x510.jpg 768w, https:\/\/mywerox.eu\/wp-content\/uploads\/2022\/09\/cup-spray-gun-5360677_1920-1536x1020.jpg 1536w, https:\/\/mywerox.eu\/wp-content\/uploads\/2022\/09\/cup-spray-gun-5360677_1920.jpg 1920w\" sizes=\"(max-width: 1024px) 100vw, 1024px\" \/><\/figure><div class=\"wp-block-media-text__content\">\n<p><strong><a href=\"https:\/\/mywerox.eu\/index.php\/blog\/ipari-festo-fenyezo-allasajanlat\/\" target=\"_blank\" rel=\"noopener\" title=\"Ipari fest\u0151, f\u00e9nyez\u0151 \u00e1ll\u00e1s\">Ipari fest\u0151, f\u00e9nyez\u0151 \u00e1ll\u00e1s<\/a><\/strong><\/p>\n<\/div><\/div>\n\n\n\n<div class=\"wp-block-media-text alignwide is-stacked-on-mobile is-vertically-aligned-center\" style=\"grid-template-columns:29% auto\"><figure class=\"wp-block-media-text__media\"><img decoding=\"async\" loading=\"lazy\" width=\"1024\" height=\"683\" src=\"https:\/\/mywerox.eu\/wp-content\/uploads\/2022\/09\/welder-673559_1920-1-1-1024x683.jpg\" alt=\"\" class=\"wp-image-269 size-full\" srcset=\"https:\/\/mywerox.eu\/wp-content\/uploads\/2022\/09\/welder-673559_1920-1-1-1024x683.jpg 1024w, https:\/\/mywerox.eu\/wp-content\/uploads\/2022\/09\/welder-673559_1920-1-1-300x200.jpg 300w, https:\/\/mywerox.eu\/wp-content\/uploads\/2022\/09\/welder-673559_1920-1-1-768x512.jpg 768w, https:\/\/mywerox.eu\/wp-content\/uploads\/2022\/09\/welder-673559_1920-1-1-1536x1024.jpg 1536w, https:\/\/mywerox.eu\/wp-content\/uploads\/2022\/09\/welder-673559_1920-1-1.jpg 1920w\" sizes=\"(max-width: 1024px) 100vw, 1024px\" \/><\/figure><div class=\"wp-block-media-text__content\">\n<p><a href=\"https:\/\/mywerox.eu\/index.php\/blog\/hegeszto-allashirdetes\/\" target=\"_blank\" rel=\"noopener\" title=\"Hegeszt\u0151 \u00e1ll\u00e1s\"><strong>Hegeszt\u0151 \u00e1ll\u00e1s<\/strong><\/a><\/p>\n<\/div><\/div>\n\n\n\n<div class=\"wp-block-media-text alignwide is-stacked-on-mobile is-vertically-aligned-center has-white-background-color has-background\" style=\"grid-template-columns:29% auto\"><figure class=\"wp-block-media-text__media\"><img decoding=\"async\" loading=\"lazy\" width=\"1024\" height=\"683\" src=\"https:\/\/mywerox.eu\/wp-content\/uploads\/2022\/09\/geplakatos-1-1024x683.jpg\" alt=\"\" class=\"wp-image-289 size-full\" srcset=\"https:\/\/mywerox.eu\/wp-content\/uploads\/2022\/09\/geplakatos-1-1024x683.jpg 1024w, https:\/\/mywerox.eu\/wp-content\/uploads\/2022\/09\/geplakatos-1-300x200.jpg 300w, https:\/\/mywerox.eu\/wp-content\/uploads\/2022\/09\/geplakatos-1-768x512.jpg 768w, https:\/\/mywerox.eu\/wp-content\/uploads\/2022\/09\/geplakatos-1-1536x1024.jpg 1536w, https:\/\/mywerox.eu\/wp-content\/uploads\/2022\/09\/geplakatos-1.jpg 1920w\" sizes=\"(max-width: 1024px) 100vw, 1024px\" \/><\/figure><div class=\"wp-block-media-text__content\">\n<p><strong><a href=\"https:\/\/mywerox.eu\/index.php\/blog\/geplakatos-allas\/\" target=\"_blank\" rel=\"noopener\" title=\"G\u00e9plakatos \u00e1ll\u00e1s\">G\u00e9plakatos \u00e1ll\u00e1s<\/a><\/strong><\/p>\n<\/div><\/div>\n\n\n\n<div class=\"wp-block-media-text alignwide is-stacked-on-mobile\" style=\"grid-template-columns:29% auto\"><figure class=\"wp-block-media-text__media\"><img decoding=\"async\" loading=\"lazy\" width=\"1024\" height=\"683\" src=\"https:\/\/mywerox.eu\/wp-content\/uploads\/2022\/09\/tube-bender-2819137_1920-2-1024x683.jpg\" alt=\"\" class=\"wp-image-291 size-full\" srcset=\"https:\/\/mywerox.eu\/wp-content\/uploads\/2022\/09\/tube-bender-2819137_1920-2-1024x683.jpg 1024w, https:\/\/mywerox.eu\/wp-content\/uploads\/2022\/09\/tube-bender-2819137_1920-2-300x200.jpg 300w, https:\/\/mywerox.eu\/wp-content\/uploads\/2022\/09\/tube-bender-2819137_1920-2-768x512.jpg 768w, https:\/\/mywerox.eu\/wp-content\/uploads\/2022\/09\/tube-bender-2819137_1920-2-1536x1024.jpg 1536w, https:\/\/mywerox.eu\/wp-content\/uploads\/2022\/09\/tube-bender-2819137_1920-2.jpg 1920w\" sizes=\"(max-width: 1024px) 100vw, 1024px\" \/><\/figure><div class=\"wp-block-media-text__content\">\n<p><a href=\"https:\/\/mywerox.eu\/index.php\/blog\/cnc-esztergalyos-allas\/\" target=\"_blank\" rel=\"noopener\" title=\"\"><strong>CNC<\/strong> <strong>Eszterg\u00e1lyos \u00e1ll\u00e1s<\/strong><\/a><\/p>\n<\/div><\/div>\n","protected":false},"excerpt":{"rendered":"<p>Ipari fest\u0151, f\u00e9nyez\u0151 \u00e1ll\u00e1s Hegeszt\u0151 \u00e1ll\u00e1s G\u00e9plakatos \u00e1ll\u00e1s CNC Eszterg\u00e1lyos \u00e1ll\u00e1s<\/p>\n","protected":false},"author":1,"featured_media":0,"parent":0,"menu_order":0,"comment_status":"closed","ping_status":"closed","template":"","meta":{"om_disable_all_campaigns":false,"_mi_skip_tracking":false,"_monsterinsights_sitenote_active":false,"_monsterinsights_sitenote_note":"","_monsterinsights_sitenote_category":0,"footnotes":""},"aioseo_notices":[],"_links":{"self":[{"href":"https:\/\/mywerox.eu\/index.php\/wp-json\/wp\/v2\/pages\/61"}],"collection":[{"href":"https:\/\/mywerox.eu\/index.php\/wp-json\/wp\/v2\/pages"}],"about":[{"href":"https:\/\/mywerox.eu\/index.php\/wp-json\/wp\/v2\/types\/page"}],"author":[{"embeddable":true,"href":"https:\/\/mywerox.eu\/index.php\/wp-json\/wp\/v2\/users\/1"}],"replies":[{"embeddable":true,"href":"https:\/\/mywerox.eu\/index.php\/wp-json\/wp\/v2\/comments?post=61"}],"version-history":[{"count":20,"href":"https:\/\/mywerox.eu\/index.php\/wp-json\/wp\/v2\/pages\/61\/revisions"}],"predecessor-version":[{"id":413,"href":"https:\/\/mywerox.eu\/index.php\/wp-json\/wp\/v2\/pages\/61\/revisions\/413"}],"wp:attachment":[{"href":"https:\/\/mywerox.eu\/index.php\/wp-json\/wp\/v2\/media?parent=61"}],"curies":[{"name":"wp","href":"https:\/\/api.w.org\/{rel}","templated":true}]}}