{"id":378,"date":"2022-09-15T08:55:52","date_gmt":"2022-09-15T08:55:52","guid":{"rendered":"https:\/\/mywerox.eu\/?page_id=378"},"modified":"2022-09-16T07:47:31","modified_gmt":"2022-09-16T07:47:31","slug":"ajanlatkeres","status":"publish","type":"page","link":"https:\/\/mywerox.eu\/index.php\/ajanlatkeres\/","title":{"rendered":"Aj\u00e1nlatk\u00e9r\u00e9s"},"content":{"rendered":"<div class=\"wpforms-container wpforms-container-full wpforms-block\" id=\"wpforms-398\"><form id=\"wpforms-form-398\" class=\"wpforms-validate wpforms-form wpforms-ajax-form\" data-formid=\"398\" method=\"post\" enctype=\"multipart\/form-data\" action=\"\/index.php\/wp-json\/wp\/v2\/pages\/378\" data-token=\"037e9199eff35864608d89d5a6c0d724\"><noscript class=\"wpforms-error-noscript\">Please enable JavaScript in your browser to complete this form.<\/noscript><div class=\"wpforms-field-container\"><div id=\"wpforms-398-field_2-container\" class=\"wpforms-field wpforms-field-radio wpforms-list-2-columns\" data-field-id=\"2\"><label class=\"wpforms-field-label\" for=\"wpforms-398-field_2\">Melyik szolg\u00e1ltat\u00e1sunkkal kapcsolatban szeretne aj\u00e1nlatot k\u00e9rni? <span class=\"wpforms-required-label\">*<\/span><\/label><ul id=\"wpforms-398-field_2\" class=\"wpforms-field-required wpforms-image-choices wpforms-image-choices-modern\"><li class=\"choice-1 depth-1 wpforms-image-choices-item\"><label class=\"wpforms-field-label-inline\" for=\"wpforms-398-field_2_1\" tabindex=\"0\"><span class=\"wpforms-image-choices-image\"><img decoding=\"async\" src=\"https:\/\/mywerox.eu\/wp-content\/uploads\/2022\/09\/bermunkaero-small.jpg\" alt=\"B\u00e9rmunkaer\u0151\" title=\"B\u00e9rmunkaer\u0151\"><\/span><input type=\"radio\" id=\"wpforms-398-field_2_1\" class=\"wpforms-screen-reader-element\" name=\"wpforms[fields][2]\" value=\"B\u00e9rmunkaer\u0151\" tabindex=\"-1\" required ><span class=\"wpforms-image-choices-label\">B\u00e9rmunkaer\u0151<\/span><\/label><\/li><li class=\"choice-4 depth-1 wpforms-image-choices-item\"><label class=\"wpforms-field-label-inline\" for=\"wpforms-398-field_2_4\" tabindex=\"0\"><span class=\"wpforms-image-choices-image\"><img decoding=\"async\" src=\"https:\/\/mywerox.eu\/wp-content\/uploads\/2022\/09\/acelszerkezet-gyartasa-small.jpg\" alt=\"Ac\u00e9lszerkezet gy\u00e1rt\u00e1s\" title=\"Ac\u00e9lszerkezet gy\u00e1rt\u00e1s\"><\/span><input type=\"radio\" id=\"wpforms-398-field_2_4\" class=\"wpforms-screen-reader-element\" name=\"wpforms[fields][2]\" value=\"Ac\u00e9lszerkezet gy\u00e1rt\u00e1s\" tabindex=\"-1\" required ><span class=\"wpforms-image-choices-label\">Ac\u00e9lszerkezet gy\u00e1rt\u00e1s<\/span><\/label><\/li><li class=\"choice-2 depth-1 wpforms-image-choices-item\"><label class=\"wpforms-field-label-inline\" for=\"wpforms-398-field_2_2\" tabindex=\"0\"><span class=\"wpforms-image-choices-image\"><img decoding=\"async\" src=\"https:\/\/mywerox.eu\/wp-content\/uploads\/2022\/09\/epitoipari-kivitelezesek-small.jpg\" alt=\"\u00c9p\u00edt\u0151ipari kivitelez\u00e9sek\" title=\"\u00c9p\u00edt\u0151ipari kivitelez\u00e9sek\"><\/span><input type=\"radio\" id=\"wpforms-398-field_2_2\" class=\"wpforms-screen-reader-element\" name=\"wpforms[fields][2]\" value=\"\u00c9p\u00edt\u0151ipari kivitelez\u00e9sek\" tabindex=\"-1\" required ><span class=\"wpforms-image-choices-label\">\u00c9p\u00edt\u0151ipari kivitelez\u00e9sek<\/span><\/label><\/li><li class=\"choice-3 depth-1 wpforms-image-choices-item\"><label class=\"wpforms-field-label-inline\" for=\"wpforms-398-field_2_3\" tabindex=\"0\"><span class=\"wpforms-image-choices-image\"><img decoding=\"async\" src=\"https:\/\/mywerox.eu\/wp-content\/uploads\/2022\/09\/kooperacio-1.jpg\" alt=\"Kooper\u00e1ci\u00f3\" title=\"Kooper\u00e1ci\u00f3\"><\/span><input type=\"radio\" id=\"wpforms-398-field_2_3\" class=\"wpforms-screen-reader-element\" name=\"wpforms[fields][2]\" value=\"Kooper\u00e1ci\u00f3\" tabindex=\"-1\" required ><span class=\"wpforms-image-choices-label\">Kooper\u00e1ci\u00f3<\/span><\/label><\/li><\/ul><\/div><div id=\"wpforms-398-field_4-container\" class=\"wpforms-field wpforms-field-name\" data-field-id=\"4\"><label class=\"wpforms-field-label\" for=\"wpforms-398-field_4\">Az \u00d6n adatai <span class=\"wpforms-required-label\">*<\/span><\/label><div class=\"wpforms-field-row wpforms-field-medium\"><div class=\"wpforms-field-row-block wpforms-first wpforms-one-half\"><input type=\"text\" id=\"wpforms-398-field_4\" class=\"wpforms-field-name-first wpforms-field-required\" name=\"wpforms[fields][4][first]\" placeholder=\"Vezet\u00e9kn\u00e9v\" required><label for=\"wpforms-398-field_4\" class=\"wpforms-field-sublabel after wpforms-sublabel-hide\">First<\/label><\/div><div class=\"wpforms-field-row-block wpforms-one-half\"><input type=\"text\" id=\"wpforms-398-field_4-last\" class=\"wpforms-field-name-last wpforms-field-required\" name=\"wpforms[fields][4][last]\" placeholder=\"Keresztn\u00e9v\" required><label for=\"wpforms-398-field_4-last\" class=\"wpforms-field-sublabel after wpforms-sublabel-hide\">Last<\/label><\/div><\/div><\/div><div id=\"wpforms-398-field_6-container\" class=\"wpforms-field wpforms-field-number\" data-field-id=\"6\"><label class=\"wpforms-field-label\" for=\"wpforms-398-field_6\">Telefon <span class=\"wpforms-required-label\">*<\/span><\/label><input type=\"number\" pattern=\"\\d*\" id=\"wpforms-398-field_6\" class=\"wpforms-field-medium wpforms-field-required\" name=\"wpforms[fields][6]\" required><\/div><div id=\"wpforms-398-field_5-container\" class=\"wpforms-field wpforms-field-email\" data-field-id=\"5\"><label class=\"wpforms-field-label\" for=\"wpforms-398-field_5\">Email <span class=\"wpforms-required-label\">*<\/span><\/label><input type=\"email\" id=\"wpforms-398-field_5\" class=\"wpforms-field-medium wpforms-field-required\" name=\"wpforms[fields][5]\" spellcheck=\"false\" required><\/div><div id=\"wpforms-398-field_7-container\" class=\"wpforms-field wpforms-field-text\" data-field-id=\"7\"><label class=\"wpforms-field-label\" for=\"wpforms-398-field_7\">C\u00e9gn\u00e9v <span class=\"wpforms-required-label\">*<\/span><\/label><input type=\"text\" id=\"wpforms-398-field_7\" class=\"wpforms-field-medium wpforms-field-required\" name=\"wpforms[fields][7]\" required><\/div><div id=\"wpforms-398-field_8-container\" class=\"wpforms-field wpforms-field-textarea\" data-field-id=\"8\"><label class=\"wpforms-field-label\" for=\"wpforms-398-field_8\">\u00dczenet <span class=\"wpforms-required-label\">*<\/span><\/label><textarea id=\"wpforms-398-field_8\" class=\"wpforms-field-medium wpforms-field-required\" name=\"wpforms[fields][8]\" required><\/textarea><\/div><\/div><!-- .wpforms-field-container --><div class=\"wpforms-submit-container\" ><input type=\"hidden\" name=\"wpforms[id]\" value=\"398\"><input type=\"hidden\" name=\"wpforms[author]\" value=\"1\"><button type=\"submit\" name=\"wpforms[submit]\" id=\"wpforms-submit-398\" class=\"wpforms-submit\" data-alt-text=\"K\u00fcld\u00e9s folyamatban....\" data-submit-text=\"Aj\u00e1nlatk\u00e9r\u00e9s elk\u00fcld\u00e9se\" aria-live=\"assertive\" value=\"wpforms-submit\">Aj\u00e1nlatk\u00e9r\u00e9s elk\u00fcld\u00e9se<\/button><img decoding=\"async\" loading=\"lazy\" src=\"https:\/\/mywerox.eu\/wp-content\/plugins\/wpforms-lite\/assets\/images\/submit-spin.svg\" class=\"wpforms-submit-spinner\" style=\"display: none;\" width=\"26\" height=\"26\" alt=\"Loading\"><\/div><\/form><\/div>  <!-- .wpforms-container -->","protected":false},"excerpt":{"rendered":"","protected":false},"author":1,"featured_media":0,"parent":0,"menu_order":0,"comment_status":"closed","ping_status":"closed","template":"","meta":{"om_disable_all_campaigns":false,"_mi_skip_tracking":false,"_monsterinsights_sitenote_active":false,"_monsterinsights_sitenote_note":"","_monsterinsights_sitenote_category":0,"footnotes":""},"aioseo_notices":[],"_links":{"self":[{"href":"https:\/\/mywerox.eu\/index.php\/wp-json\/wp\/v2\/pages\/378"}],"collection":[{"href":"https:\/\/mywerox.eu\/index.php\/wp-json\/wp\/v2\/pages"}],"about":[{"href":"https:\/\/mywerox.eu\/index.php\/wp-json\/wp\/v2\/types\/page"}],"author":[{"embeddable":true,"href":"https:\/\/mywerox.eu\/index.php\/wp-json\/wp\/v2\/users\/1"}],"replies":[{"embeddable":true,"href":"https:\/\/mywerox.eu\/index.php\/wp-json\/wp\/v2\/comments?post=378"}],"version-history":[{"count":2,"href":"https:\/\/mywerox.eu\/index.php\/wp-json\/wp\/v2\/pages\/378\/revisions"}],"predecessor-version":[{"id":403,"href":"https:\/\/mywerox.eu\/index.php\/wp-json\/wp\/v2\/pages\/378\/revisions\/403"}],"wp:attachment":[{"href":"https:\/\/mywerox.eu\/index.php\/wp-json\/wp\/v2\/media?parent=378"}],"curies":[{"name":"wp","href":"https:\/\/api.w.org\/{rel}","templated":true}]}}