{"id":27,"date":"2022-09-06T21:48:59","date_gmt":"2022-09-06T21:48:59","guid":{"rendered":"https:\/\/mywerox.eu\/?page_id=27"},"modified":"2022-09-19T16:49:45","modified_gmt":"2022-09-19T16:49:45","slug":"szolgaltatasok","status":"publish","type":"page","link":"https:\/\/mywerox.eu\/index.php\/szolgaltatasok\/","title":{"rendered":"SZOLG\u00c1LTAT\u00c1SOK"},"content":{"rendered":"\n<h2 class=\"has-text-align-center wp-block-heading\">B\u00c9RMUNKAER\u0150<\/h2>\n\n\n\n<div class=\"wp-block-media-text alignwide is-stacked-on-mobile\"><figure class=\"wp-block-media-text__media\"><img decoding=\"async\" loading=\"lazy\" width=\"1024\" height=\"682\" src=\"https:\/\/mywerox.eu\/wp-content\/uploads\/2022\/09\/bermunkaero-1024x682.jpg\" alt=\"\" class=\"wp-image-242 size-full\" srcset=\"https:\/\/mywerox.eu\/wp-content\/uploads\/2022\/09\/bermunkaero-1024x682.jpg 1024w, https:\/\/mywerox.eu\/wp-content\/uploads\/2022\/09\/bermunkaero-300x200.jpg 300w, https:\/\/mywerox.eu\/wp-content\/uploads\/2022\/09\/bermunkaero-768x511.jpg 768w, https:\/\/mywerox.eu\/wp-content\/uploads\/2022\/09\/bermunkaero.jpg 1280w\" sizes=\"(max-width: 1024px) 100vw, 1024px\" \/><\/figure><div class=\"wp-block-media-text__content\">\n<p>Felismerve partnereink munkaer\u0151piaci ig\u00e9nyeit \u00e9s a folyamatosan v\u00e1ltoz\u00f3 gazdas\u00e1gi k\u00f6rnyezet okozta neh\u00e9zs\u00e9geket, c\u00e9g\u00fcnk olyan b\u00e9rmunka szolg\u00e1ltat\u00e1st is ny\u00fajt, mely hat\u00e9konyan alkalmazhat\u00f3 a k\u00fcl\u00f6nb\u00f6z\u0151 gy\u00e1rt\u00e1si folyamatokban \u00e9s rugalmasan, minden esetben partnereink ig\u00e9nyeihez alkalmazkodik.<\/p>\n<\/div><\/div>\n\n\n\n<div style=\"height:40px\" aria-hidden=\"true\" class=\"wp-block-spacer\"><\/div>\n\n\n\n<h2 class=\"has-text-align-center wp-block-heading\">AC\u00c9LSZERKEZET GY\u00c1RT\u00c1S<\/h2>\n\n\n\n<div class=\"wp-block-media-text alignwide is-stacked-on-mobile\"><figure class=\"wp-block-media-text__media\"><img decoding=\"async\" loading=\"lazy\" width=\"1000\" height=\"664\" src=\"https:\/\/mywerox.eu\/wp-content\/uploads\/2022\/09\/acelszerkezet-gyartasa.jpg\" alt=\"\" class=\"wp-image-247 size-full\" srcset=\"https:\/\/mywerox.eu\/wp-content\/uploads\/2022\/09\/acelszerkezet-gyartasa.jpg 1000w, https:\/\/mywerox.eu\/wp-content\/uploads\/2022\/09\/acelszerkezet-gyartasa-300x199.jpg 300w, https:\/\/mywerox.eu\/wp-content\/uploads\/2022\/09\/acelszerkezet-gyartasa-768x510.jpg 768w\" sizes=\"(max-width: 1000px) 100vw, 1000px\" \/><\/figure><div class=\"wp-block-media-text__content\">\n<p>A megrendel\u0151i ig\u00e9nyekhez igazodva a partner \u00e1ltal biztos\u00edtott tervdokument\u00e1ci\u00f3, vagy c\u00e9g\u00fcnk \u00e1ltal k\u00e9sz\u00edtett tervek alapj\u00e1n gy\u00e1rtjuk az ac\u00e9lszerkezeteket. Jelenlegi partnerc\u00e9geinkn\u00e9l egyedi ac\u00e9lszerkezeteket, munkag\u00e9p kanalakat, ipari kemenc\u00e9ket, gy\u00e1rtunk.<\/p>\n<\/div><\/div>\n\n\n\n<div style=\"height:50px\" aria-hidden=\"true\" class=\"wp-block-spacer\"><\/div>\n\n\n\n<h2 class=\"has-text-align-center wp-block-heading\">\u00c9P\u00cdT\u0150IPARI KIVITELEZ\u00c9SEK<\/h2>\n\n\n\n<div class=\"wp-block-media-text alignwide is-stacked-on-mobile\"><figure class=\"wp-block-media-text__media\"><img decoding=\"async\" loading=\"lazy\" width=\"1024\" height=\"819\" src=\"https:\/\/mywerox.eu\/wp-content\/uploads\/2022\/09\/epitoipari-kivitelezesek-2-1024x819.jpg\" alt=\"\" class=\"wp-image-246 size-full\" srcset=\"https:\/\/mywerox.eu\/wp-content\/uploads\/2022\/09\/epitoipari-kivitelezesek-2-1024x819.jpg 1024w, https:\/\/mywerox.eu\/wp-content\/uploads\/2022\/09\/epitoipari-kivitelezesek-2-300x240.jpg 300w, https:\/\/mywerox.eu\/wp-content\/uploads\/2022\/09\/epitoipari-kivitelezesek-2-768x614.jpg 768w, https:\/\/mywerox.eu\/wp-content\/uploads\/2022\/09\/epitoipari-kivitelezesek-2-350x280.jpg 350w, https:\/\/mywerox.eu\/wp-content\/uploads\/2022\/09\/epitoipari-kivitelezesek-2.jpg 1280w\" sizes=\"(max-width: 1024px) 100vw, 1024px\" \/><\/figure><div class=\"wp-block-media-text__content\">\n<p>Ipari l\u00e9tes\u00edtm\u00e9nyek kivitelez\u00e9se, lak\u00f3h\u00e1zak gener\u00e1lkivitelez\u00e9se.<\/p>\n<\/div><\/div>\n\n\n\n<div style=\"height:50px\" aria-hidden=\"true\" class=\"wp-block-spacer\"><\/div>\n\n\n\n<div style=\"height:50px\" aria-hidden=\"true\" class=\"wp-block-spacer\"><\/div>\n\n\n\n<h2 class=\"has-text-align-center wp-block-heading\">KOOPER\u00c1CI\u00d3<\/h2>\n\n\n\n<div class=\"wp-block-media-text alignwide is-stacked-on-mobile\"><figure class=\"wp-block-media-text__media\"><img decoding=\"async\" loading=\"lazy\" width=\"275\" height=\"183\" src=\"https:\/\/mywerox.eu\/wp-content\/uploads\/2022\/09\/kooperacio-1.jpg\" alt=\"\" class=\"wp-image-241 size-full\"\/><\/figure><div class=\"wp-block-media-text__content\">\n<p>K\u00fcl\u00f6nb\u00f6z\u0151 gy\u00e1rt\u00e1si folyamatok \u00e1tv\u00e1llal\u00e1sa partnerc\u00e9g\u00fcnkt\u0151l, biztos\u00edtva a magas min\u0151s\u00e9gi \u00e9s m\u0171szaki szintet.<\/p>\n<\/div><\/div>\n\n\n\n<div style=\"height:50px\" aria-hidden=\"true\" class=\"wp-block-spacer\"><\/div>\n","protected":false},"excerpt":{"rendered":"<p>B\u00c9RMUNKAER\u0150 Felismerve partnereink munkaer\u0151piaci ig\u00e9nyeit \u00e9s a folyamatosan v\u00e1ltoz\u00f3 gazdas\u00e1gi k\u00f6rnyezet okozta neh\u00e9zs\u00e9geket, c\u00e9g\u00fcnk olyan b\u00e9rmunka szolg\u00e1ltat\u00e1st is ny\u00fajt, mely&hellip;<\/p>\n","protected":false},"author":1,"featured_media":0,"parent":0,"menu_order":0,"comment_status":"closed","ping_status":"closed","template":"","meta":{"om_disable_all_campaigns":false,"_mi_skip_tracking":false,"_monsterinsights_sitenote_active":false,"_monsterinsights_sitenote_note":"","_monsterinsights_sitenote_category":0,"footnotes":""},"aioseo_notices":[],"_links":{"self":[{"href":"https:\/\/mywerox.eu\/index.php\/wp-json\/wp\/v2\/pages\/27"}],"collection":[{"href":"https:\/\/mywerox.eu\/index.php\/wp-json\/wp\/v2\/pages"}],"about":[{"href":"https:\/\/mywerox.eu\/index.php\/wp-json\/wp\/v2\/types\/page"}],"author":[{"embeddable":true,"href":"https:\/\/mywerox.eu\/index.php\/wp-json\/wp\/v2\/users\/1"}],"replies":[{"embeddable":true,"href":"https:\/\/mywerox.eu\/index.php\/wp-json\/wp\/v2\/comments?post=27"}],"version-history":[{"count":16,"href":"https:\/\/mywerox.eu\/index.php\/wp-json\/wp\/v2\/pages\/27\/revisions"}],"predecessor-version":[{"id":420,"href":"https:\/\/mywerox.eu\/index.php\/wp-json\/wp\/v2\/pages\/27\/revisions\/420"}],"wp:attachment":[{"href":"https:\/\/mywerox.eu\/index.php\/wp-json\/wp\/v2\/media?parent=27"}],"curies":[{"name":"wp","href":"https:\/\/api.w.org\/{rel}","templated":true}]}}