{"id":162,"date":"2022-09-08T18:02:15","date_gmt":"2022-09-08T18:02:15","guid":{"rendered":"https:\/\/mywerox.eu\/?page_id=162"},"modified":"2022-09-16T06:51:29","modified_gmt":"2022-09-16T06:51:29","slug":"kapcsolat","status":"publish","type":"page","link":"https:\/\/mywerox.eu\/index.php\/kapcsolat\/","title":{"rendered":"Kapcsolat"},"content":{"rendered":"\n<figure class=\"wp-block-table\"><table><tbody><tr><th>Ad\u00f3sz\u00e1m<\/th><td>25786602205<\/td><\/tr><tr><th>C\u00e9gjegyz\u00e9ksz\u00e1m<\/th><td>05 09 029278<\/td><\/tr><tr><th>Teljes n\u00e9v<\/th><td>Werox Bau Korl\u00e1tolt Felel\u0151ss\u00e9g\u0171 T\u00e1rsas\u00e1g<\/td><\/tr><tr><th>R\u00f6vid\u00edtett n\u00e9v<\/th><td>Werox Bau Kft.<\/td><\/tr><tr><th>Orsz\u00e1g<\/th><td>Magyarorsz\u00e1g<\/td><\/tr><tr><th>Telep\u00fcl\u00e9s<\/th><td>Saj\u00f3mercse<\/td><\/tr><tr><th>C\u00edm<\/th><td>3656 Saj\u00f3mercse, R\u00e1k\u00f3czi Ferenc \u00fat 41.<\/td><\/tr><tr><th>F\u0151 tev\u00e9kenys\u00e9g<\/th><td>2562. F\u00e9mmegmunk\u00e1l\u00e1s<\/td><\/tr><tr><th>Alap\u00edt\u00e1s d\u00e1tuma<\/th><td>2016.10.19<\/td><\/tr><tr><th>Website<\/th><td>https:\/\/mywerox.eu<\/td><\/tr><tr><th>E-mail<\/th><td>info@mywerox.eu<\/td><\/tr><tr><th>Telefonsz\u00e1m<\/th><td>+36308465090<\/td><\/tr><tr><th>Tulajdonosok sz\u00e1ma<\/th><td>2<\/td><\/tr><tr><th>El\u00e9rhet\u0151 p\u00e9nz\u00fcgyi besz\u00e1mol\u00f3k<\/th><td>2016,2017,2018,2019,2020,2021<\/td><\/tr><\/tbody><\/table><\/figure>\n\n\n<div class=\"wpforms-container wpforms-container-full wpforms-block\" id=\"wpforms-188\"><form id=\"wpforms-form-188\" class=\"wpforms-validate wpforms-form wpforms-ajax-form\" data-formid=\"188\" method=\"post\" enctype=\"multipart\/form-data\" action=\"\/index.php\/wp-json\/wp\/v2\/pages\/162\" data-token=\"77a4435b17f14984d75447ec855cdad1\"><noscript class=\"wpforms-error-noscript\">Please enable JavaScript in your browser to complete this form.<\/noscript><div class=\"wpforms-field-container\"><div id=\"wpforms-188-field_7-container\" class=\"wpforms-field wpforms-field-name\" data-field-id=\"7\"><label class=\"wpforms-field-label\" for=\"wpforms-188-field_7\">Vezet\u00e9kn\u00e9v <span class=\"wpforms-required-label\">*<\/span><\/label><input type=\"text\" id=\"wpforms-188-field_7\" class=\"wpforms-field-medium wpforms-field-required\" name=\"wpforms[fields][7]\" required><\/div><div id=\"wpforms-188-field_5-container\" class=\"wpforms-field wpforms-field-name\" data-field-id=\"5\"><label class=\"wpforms-field-label\" for=\"wpforms-188-field_5\">Keresztn\u00e9v <span class=\"wpforms-required-label\">*<\/span><\/label><input type=\"text\" id=\"wpforms-188-field_5\" class=\"wpforms-field-medium wpforms-field-required\" name=\"wpforms[fields][5]\" required><\/div><div id=\"wpforms-188-field_8-container\" class=\"wpforms-field wpforms-field-number\" data-field-id=\"8\"><label class=\"wpforms-field-label\" for=\"wpforms-188-field_8\">Telefon <span class=\"wpforms-required-label\">*<\/span><\/label><input type=\"number\" pattern=\"\\d*\" id=\"wpforms-188-field_8\" class=\"wpforms-field-medium wpforms-field-required\" name=\"wpforms[fields][8]\" required><\/div><div id=\"wpforms-188-field_1-container\" class=\"wpforms-field wpforms-field-email\" data-field-id=\"1\"><label class=\"wpforms-field-label\" for=\"wpforms-188-field_1\">E-mail c\u00edm<\/label><input type=\"email\" id=\"wpforms-188-field_1\" class=\"wpforms-field-medium\" name=\"wpforms[fields][1]\" spellcheck=\"false\" ><\/div><div id=\"wpforms-188-field_2-container\" class=\"wpforms-field wpforms-field-textarea\" data-field-id=\"2\"><label class=\"wpforms-field-label\" for=\"wpforms-188-field_2\">\u00dczenet <span class=\"wpforms-required-label\">*<\/span><\/label><textarea id=\"wpforms-188-field_2\" class=\"wpforms-field-medium wpforms-field-required\" name=\"wpforms[fields][2]\" required><\/textarea><\/div><\/div><!-- .wpforms-field-container --><div class=\"wpforms-submit-container\" ><input type=\"hidden\" name=\"wpforms[id]\" value=\"188\"><input type=\"hidden\" name=\"wpforms[author]\" value=\"1\"><button type=\"submit\" name=\"wpforms[submit]\" id=\"wpforms-submit-188\" class=\"wpforms-submit\" data-alt-text=\"K\u00fcld\u00e9s folyamatban\" data-submit-text=\"K\u00fcld\u00e9s!\" aria-live=\"assertive\" value=\"wpforms-submit\">K\u00fcld\u00e9s!<\/button><img decoding=\"async\" loading=\"lazy\" src=\"https:\/\/mywerox.eu\/wp-content\/plugins\/wpforms-lite\/assets\/images\/submit-spin.svg\" class=\"wpforms-submit-spinner\" style=\"display: none;\" width=\"26\" height=\"26\" alt=\"Loading\"><\/div><\/form><\/div>  <!-- .wpforms-container -->","protected":false},"excerpt":{"rendered":"<p>Ad\u00f3sz\u00e1m 25786602205 C\u00e9gjegyz\u00e9ksz\u00e1m 05 09 029278 Teljes n\u00e9v Werox Bau Korl\u00e1tolt Felel\u0151ss\u00e9g\u0171 T\u00e1rsas\u00e1g R\u00f6vid\u00edtett n\u00e9v Werox Bau Kft. Orsz\u00e1g Magyarorsz\u00e1g&hellip;<\/p>\n","protected":false},"author":1,"featured_media":0,"parent":0,"menu_order":0,"comment_status":"closed","ping_status":"closed","template":"","meta":{"om_disable_all_campaigns":false,"_mi_skip_tracking":false,"_monsterinsights_sitenote_active":false,"_monsterinsights_sitenote_note":"","_monsterinsights_sitenote_category":0,"footnotes":""},"aioseo_notices":[],"_links":{"self":[{"href":"https:\/\/mywerox.eu\/index.php\/wp-json\/wp\/v2\/pages\/162"}],"collection":[{"href":"https:\/\/mywerox.eu\/index.php\/wp-json\/wp\/v2\/pages"}],"about":[{"href":"https:\/\/mywerox.eu\/index.php\/wp-json\/wp\/v2\/types\/page"}],"author":[{"embeddable":true,"href":"https:\/\/mywerox.eu\/index.php\/wp-json\/wp\/v2\/users\/1"}],"replies":[{"embeddable":true,"href":"https:\/\/mywerox.eu\/index.php\/wp-json\/wp\/v2\/comments?post=162"}],"version-history":[{"count":7,"href":"https:\/\/mywerox.eu\/index.php\/wp-json\/wp\/v2\/pages\/162\/revisions"}],"predecessor-version":[{"id":394,"href":"https:\/\/mywerox.eu\/index.php\/wp-json\/wp\/v2\/pages\/162\/revisions\/394"}],"wp:attachment":[{"href":"https:\/\/mywerox.eu\/index.php\/wp-json\/wp\/v2\/media?parent=162"}],"curies":[{"name":"wp","href":"https:\/\/api.w.org\/{rel}","templated":true}]}}