{"id":161,"date":"2022-09-08T18:02:15","date_gmt":"2022-09-08T18:02:15","guid":{"rendered":"https:\/\/mywerox.eu\/?page_id=161"},"modified":"2022-09-14T19:38:05","modified_gmt":"2022-09-14T19:38:05","slug":"blog","status":"publish","type":"page","link":"https:\/\/mywerox.eu\/index.php\/blog\/","title":{"rendered":"Blog"},"content":{"rendered":"\n<p><\/p>\n\n\n<ul class=\"wp-block-latest-posts__list is-grid columns-3 wp-block-latest-posts\"><li><a class=\"wp-block-latest-posts__post-title\" href=\"https:\/\/mywerox.eu\/index.php\/blog\/szechenyi-terv-plusz-eu-tamogatas\/\">Sz\u00e9chenyi Terv Plusz &#8211; EU T\u00e1mogat\u00e1s<\/a><div class=\"wp-block-latest-posts__post-excerpt\">Kedvezm\u00e9nyezett neve: Werox Bau Korl\u00e1tolt Felel\u0151ss\u00e9g\u0171 T\u00e1rsas\u00e1g Projekt azonos\u00edt\u00f3 sz\u00e1ma: GINOP_PLUSZ-1.2.2-22-2022-00268 Fejleszt\u00e9s t\u00e1rgya, c\u00e9lja: Eszk\u00f6zbeszerz\u00e9s a Werox Kft.-n\u00e9l T\u00e1mogat\u00e1s \u00f6sszege: \u2026 <a href=\"https:\/\/mywerox.eu\/index.php\/blog\/szechenyi-terv-plusz-eu-tamogatas\/\" rel=\"noopener noreferrer\">B\u0151vebben<\/a><\/div><\/li>\n<li><a class=\"wp-block-latest-posts__post-title\" href=\"https:\/\/mywerox.eu\/index.php\/blog\/cnc-esztergalyos-allas\/\">CNC Eszterg\u00e1lyos \u00e1ll\u00e1s<\/a><div class=\"wp-block-latest-posts__post-excerpt\">Egyedi ac\u00e9lszerkezet gy\u00e1rt\u00e1s\u00e1val foglalkoz\u00f3 c\u00e9g hagyom\u00e1nyos mar\u00f3s \u00e9s eszterg\u00e1lyos szakmunk\u00e1sokat keres.A munkav\u00e9gz\u00e9s helye: Budapest XXI. ker\u00fclet, Csepel.\u00c9rdekl\u0151dni: +36308465090 Feladatok: Hagyom\u00e1nyos \u2026 <a href=\"https:\/\/mywerox.eu\/index.php\/blog\/cnc-esztergalyos-allas\/\" rel=\"noopener noreferrer\">B\u0151vebben<\/a><\/div><\/li>\n<li><a class=\"wp-block-latest-posts__post-title\" href=\"https:\/\/mywerox.eu\/index.php\/blog\/geplakatos-allas\/\">G\u00e9plakatos \u00e1ll\u00e1s<\/a><div class=\"wp-block-latest-posts__post-excerpt\">Lakatos, G\u00e9plakatos G\u00e9p \u00e9s berendez\u00e9s gy\u00e1rt\u00f3 c\u00e9g lakatos \u00e9s hegeszt\u0151 szakmunk\u00e1sokat keres, azonnali kezd\u00e9ssel. Elv\u00e1r\u00e1sok: F\u0151bb feladatok: Szerkezeti elemek \u00f6ssze\u00e1ll\u00edt\u00e1sa, \u2026 <a href=\"https:\/\/mywerox.eu\/index.php\/blog\/geplakatos-allas\/\" rel=\"noopener noreferrer\">B\u0151vebben<\/a><\/div><\/li>\n<li><a class=\"wp-block-latest-posts__post-title\" href=\"https:\/\/mywerox.eu\/index.php\/blog\/hegeszto-allashirdetes\/\">Hegeszt\u0151 \u00e1ll\u00e1shirdet\u00e9s<\/a><div class=\"wp-block-latest-posts__post-excerpt\">Egyedi ac\u00e9lszerkezet gy\u00e1rt\u00e1s\u00e1val foglalkoz\u00f3 c\u00e9g hegeszt\u0151 szakmunk\u00e1sokat keres.A munkav\u00e9gz\u00e9s helye: Budapest XXI. ker\u00fclet, Csepel.\u00c9rdekl\u0151dni: +36308465090 Feladatok: Folyamatos, hossz\u00fa t\u00e1v\u00fa munkalehet\u0151s\u00e9gre, \u2026 <a href=\"https:\/\/mywerox.eu\/index.php\/blog\/hegeszto-allashirdetes\/\" rel=\"noopener noreferrer\">B\u0151vebben<\/a><\/div><\/li>\n<li><a class=\"wp-block-latest-posts__post-title\" href=\"https:\/\/mywerox.eu\/index.php\/blog\/ipari-festo-fenyezo-allasajanlat\/\">Ipari fest\u0151, f\u00e9nyez\u0151 \u00e1ll\u00e1saj\u00e1nlat<\/a><div class=\"wp-block-latest-posts__post-excerpt\">Ac\u00e9lszerkezet gy\u00e1rt\u00e1s\u00e1val foglalkoz\u00f3 c\u00e9g ipari fest\u0151, f\u00e9nyez\u0151 szakmunk\u00e1sokat keres. C\u00e9g\u00fcnk f\u00e9m \u00e9s g\u00e9pipari szerkezetek tervez\u00e9s\u00e9vel, gy\u00e1rt\u00e1s\u00e1val, szerel\u00e9s\u00e9vel foglalkozik. A munkav\u00e9gz\u00e9s \u2026 <a href=\"https:\/\/mywerox.eu\/index.php\/blog\/ipari-festo-fenyezo-allasajanlat\/\" rel=\"noopener noreferrer\">B\u0151vebben<\/a><\/div><\/li>\n<\/ul>","protected":false},"excerpt":{"rendered":"","protected":false},"author":1,"featured_media":0,"parent":0,"menu_order":0,"comment_status":"closed","ping_status":"closed","template":"","meta":{"om_disable_all_campaigns":false,"_mi_skip_tracking":false,"_monsterinsights_sitenote_active":false,"_monsterinsights_sitenote_note":"","_monsterinsights_sitenote_category":0,"footnotes":""},"aioseo_notices":[],"_links":{"self":[{"href":"https:\/\/mywerox.eu\/index.php\/wp-json\/wp\/v2\/pages\/161"}],"collection":[{"href":"https:\/\/mywerox.eu\/index.php\/wp-json\/wp\/v2\/pages"}],"about":[{"href":"https:\/\/mywerox.eu\/index.php\/wp-json\/wp\/v2\/types\/page"}],"author":[{"embeddable":true,"href":"https:\/\/mywerox.eu\/index.php\/wp-json\/wp\/v2\/users\/1"}],"replies":[{"embeddable":true,"href":"https:\/\/mywerox.eu\/index.php\/wp-json\/wp\/v2\/comments?post=161"}],"version-history":[{"count":5,"href":"https:\/\/mywerox.eu\/index.php\/wp-json\/wp\/v2\/pages\/161\/revisions"}],"predecessor-version":[{"id":280,"href":"https:\/\/mywerox.eu\/index.php\/wp-json\/wp\/v2\/pages\/161\/revisions\/280"}],"wp:attachment":[{"href":"https:\/\/mywerox.eu\/index.php\/wp-json\/wp\/v2\/media?parent=161"}],"curies":[{"name":"wp","href":"https:\/\/api.w.org\/{rel}","templated":true}]}}