{"id":154,"date":"2022-09-08T16:58:16","date_gmt":"2022-09-08T16:58:16","guid":{"rendered":"https:\/\/mywerox.eu\/?page_id=154"},"modified":"2022-09-14T17:55:59","modified_gmt":"2022-09-14T17:55:59","slug":"bemutatkozas","status":"publish","type":"page","link":"https:\/\/mywerox.eu\/index.php\/bemutatkozas\/","title":{"rendered":"Bemutatkoz\u00e1s"},"content":{"rendered":"\n<div class=\"wp-block-media-text alignwide is-stacked-on-mobile\"><figure class=\"wp-block-media-text__media\"><img decoding=\"async\" loading=\"lazy\" width=\"1024\" height=\"683\" src=\"https:\/\/mywerox.eu\/wp-content\/uploads\/2022\/09\/tube-bender-2819137_1920-1-1024x683.jpg\" alt=\"\" class=\"wp-image-235 size-full\" srcset=\"https:\/\/mywerox.eu\/wp-content\/uploads\/2022\/09\/tube-bender-2819137_1920-1-1024x683.jpg 1024w, https:\/\/mywerox.eu\/wp-content\/uploads\/2022\/09\/tube-bender-2819137_1920-1-300x200.jpg 300w, https:\/\/mywerox.eu\/wp-content\/uploads\/2022\/09\/tube-bender-2819137_1920-1-768x512.jpg 768w, https:\/\/mywerox.eu\/wp-content\/uploads\/2022\/09\/tube-bender-2819137_1920-1-1536x1024.jpg 1536w, https:\/\/mywerox.eu\/wp-content\/uploads\/2022\/09\/tube-bender-2819137_1920-1.jpg 1920w\" sizes=\"(max-width: 1024px) 100vw, 1024px\" \/><\/figure><div class=\"wp-block-media-text__content\">\n<p>C\u00e9g\u00fcnk 2016-ban alakult, az ezt megel\u0151z\u0151 10 \u00e9ves id\u0151szakban szerzett szakmai tapasztalatokra alapozva. Sz\u00e9lesk\u00f6r\u0171 gy\u00e1rt\u00e1si tapasztalatunknak k\u00f6sz\u00f6nhet\u0151en partnereink k\u00fcl\u00f6nb\u00f6z\u0151 ipar\u00e1gakb\u00f3l keresnek fel benn\u00fcnket.<\/p>\n\n\n\n<p><\/p>\n<\/div><\/div>\n\n\n<p>Tev\u00e9kenys\u00e9g\u00fcnk ac\u00e9lszerkezetek, egyedi ac\u00e9lszerkezetek gy\u00e1rt\u00e1sa, lemezmegmunk\u00e1l\u00e1s, CNC l\u00e1ng- \u00e9s plazmav\u00e1g\u00e1s, komplett fel\u00fcletv\u00e9delem szersz\u00e1mk\u00e9sz\u00edt\u00e9s \u00e9s karbantart\u00e1s, m\u0171anyag fr\u00f6ccs\u00f6nt\u00e9s ter\u00fclet\u00e9re tapasztalt szakemberek biztos\u00edt\u00e1sa.<\/p>\n<p>C\u00e9gfiloz\u00f3fi\u00e1nk hangs\u00falyos eleme az \u00fcgyfeleink ig\u00e9nyeinek maxim\u00e1lis kiel\u00e9g\u00edt\u00e9se, c\u00e9g\u00fcnk h\u00edrnev\u00e9nek n\u00f6vel\u00e9se. A megrendel\u0151i ig\u00e9nyekhez igazodva a partner \u00e1ltal biztos\u00edtott tervdokument\u00e1ci\u00f3, vagy c\u00e9g\u00fcnk \u00e1ltal k\u00e9sz\u00edtett tervek alapj\u00e1n gy\u00e1rtjuk az ac\u00e9lszerkezeteket.<\/p>\n<p><strong>K\u00fclf\u00f6ldi<\/strong>\u00a0\u00c9S\u00a0<strong>BELF\u00d6LDI<\/strong>\u00a0munkaad\u00f3 partnereinkkel hossz\u00fat\u00e1v\u00fa egy\u00fcttm\u0171k\u00f6d\u00e9sre t\u00f6reksz\u00fcnk. 15 \u00e9v alatt t\u00f6bb sz\u00e1z \u00e1ll\u00e1skeres\u0151nek seg\u00edtett\u00fcnk stabil, hossz\u00fat\u00e1v\u00fa munk\u00e1t tal\u00e1lni. Szem\u00e9lyre szabott egyedi tan\u00e1csad\u00e1ssal t\u00e1mogatjuk a munkakeres\u00e9st, \u00e9s az \u00e1ltalunk foglalkoztatott dolgoz\u00f3k karrierj\u00e9t folyamatosan nyomon k\u00f6vetj\u00fck.<\/p>","protected":false},"excerpt":{"rendered":"<p>C\u00e9g\u00fcnk 2016-ban alakult, az ezt megel\u0151z\u0151 10 \u00e9ves id\u0151szakban szerzett szakmai tapasztalatokra alapozva. Sz\u00e9lesk\u00f6r\u0171 gy\u00e1rt\u00e1si tapasztalatunknak k\u00f6sz\u00f6nhet\u0151en partnereink k\u00fcl\u00f6nb\u00f6z\u0151 ipar\u00e1gakb\u00f3l&hellip;<\/p>\n","protected":false},"author":1,"featured_media":0,"parent":0,"menu_order":0,"comment_status":"closed","ping_status":"closed","template":"","meta":{"om_disable_all_campaigns":false,"_mi_skip_tracking":false,"_monsterinsights_sitenote_active":false,"_monsterinsights_sitenote_note":"","_monsterinsights_sitenote_category":0,"footnotes":""},"aioseo_notices":[],"_links":{"self":[{"href":"https:\/\/mywerox.eu\/index.php\/wp-json\/wp\/v2\/pages\/154"}],"collection":[{"href":"https:\/\/mywerox.eu\/index.php\/wp-json\/wp\/v2\/pages"}],"about":[{"href":"https:\/\/mywerox.eu\/index.php\/wp-json\/wp\/v2\/types\/page"}],"author":[{"embeddable":true,"href":"https:\/\/mywerox.eu\/index.php\/wp-json\/wp\/v2\/users\/1"}],"replies":[{"embeddable":true,"href":"https:\/\/mywerox.eu\/index.php\/wp-json\/wp\/v2\/comments?post=154"}],"version-history":[{"count":3,"href":"https:\/\/mywerox.eu\/index.php\/wp-json\/wp\/v2\/pages\/154\/revisions"}],"predecessor-version":[{"id":238,"href":"https:\/\/mywerox.eu\/index.php\/wp-json\/wp\/v2\/pages\/154\/revisions\/238"}],"wp:attachment":[{"href":"https:\/\/mywerox.eu\/index.php\/wp-json\/wp\/v2\/media?parent=154"}],"curies":[{"name":"wp","href":"https:\/\/api.w.org\/{rel}","templated":true}]}}